{"id":4309,"date":"2017-12-11T17:20:12","date_gmt":"2017-12-11T22:20:12","guid":{"rendered":"https:\/\/zambranodigital.com\/?page_id=4309"},"modified":"2017-12-13T15:29:41","modified_gmt":"2017-12-13T20:29:41","slug":"legal","status":"publish","type":"page","link":"https:\/\/zambranodigital.com\/en\/legal\/","title":{"rendered":"Legal Information"},"content":{"rendered":"<div class=\"page_content\"><div class=\"legal_content\">\n<h4>POL\u00cdTICA DE TRATAMIENTO DE DATOS PERSONALES<\/h4>\n<p>Zambranogroup SAS, en cumplimiento de la Ley 1581 de 2012 y dem\u00e1s normas concordantes, es responsable de sus datos personales.<\/p>\n<ol>\n<li><strong>Sus Derechos como titular de la informaci\u00f3n son:<\/strong> A) Conocer, actualizar, suprimir, revocar y rectificar sus datos personales. Este derecho se podr\u00e1 ejercer, entre otros, frente a datos parciales, inexactos, incompletos, fraccionados, que induzcan a error, o aquellos cuyo tratamiento est\u00e9 expresamente prohibido o no haya sido autorizada. B) Solicitar prueba de la autorizaci\u00f3n de tratamiento otorgado. C) Ser informado respecto del uso que ZambranoGroup le ha dado a sus datos personales. D) Presentar ante la superintendencia de Industria y Comercio, queja por infracciones a lo dispuesto en la ley y las dem\u00e1s normas que la modifiquen, adicionen o complementen. E) Acceder en forma gratuita a sus datos personales que hayan sido objeto de tratamiento.<\/li>\n<li><strong>Informa de Zambrano:<\/strong> A) Raz\u00f3n social: ZAMBRANOGROUP SAS; B) NIT 900547539-0 C) Direccion: Calle 89A # 116A &#8211; 35, Bogot\u00e1 D.C., D) Correo electr\u00f3nico:proyectos@zambranodigital.com, E) Tel\u00e9fono: +57 (1) 7228135 (Bogot\u00e1).<\/li>\n<li><strong>Canales a trav\u00e9s de los cuales puede ejercer derechos:<\/strong> el titular podr\u00e1 ejercer sus derechos a trav\u00e9s de los siguientes canales: correspondencia, pagina Web https:\/\/zambranodigital.com\/contacto\/ o https:\/\/zambranodigital.com\/ o correo electronico a la direccion proyectos@zambranodigital.com,<\/li>\n<li><strong>\u00c1rea responsable de atenci\u00f3n de peticiones, quejas y reclamos:<\/strong> Al interior de la entidad, la recepci\u00f3n de peticiones, quejas y reclamos se canaliza a trav\u00e9s de la, gerencia de desarrollo de negocios &#8211; en los canales indicados en el numeral 3 de este comunicado.<\/li>\n<li><strong>Procedimiento para conocimiento, actualizaci\u00f3n, supresi\u00f3n, revocaci\u00f3n y rectificaci\u00f3n:<\/strong> usted como titular podr\u00e1 solicitar a trav\u00e9s de los canales de contacto nombrados anteriormente, la actualizaci\u00f3n supresi\u00f3n, revocaci\u00f3n y rectificaci\u00f3n de la informaci\u00f3n y\/o efectuar consultas o reclamos relacionados con su informaci\u00f3n.ZambranoGroup validara su identificaci\u00f3n, analizar\u00e1, clasificara y emitir\u00e1 la respuesta a su solicitud en los tiempos establecidos en la ley y ser\u00e1 enviada a trav\u00e9s del medio por el cual se recibe la solicitud o por el medio que el titular especifique en el comunicado. La supresi\u00f3n de datos personales y\/o revocacion de autorizacion para tratamiento de la informaci\u00f3n no proceder\u00e1 cuando el titular tenga un deber legal o contractual de permanecer en la base de datos.Dichos requerimientos ser\u00e1n tramitados siempre y cuando cumpla con los siguientes requisitos:\n<ol style='list-style-type: upper-alpha;' type='A'>\n<li>La solicitud deber\u00e1 ser dirigida al Responsable o Encargado del tratamiento.<\/li>\n<li>Deber\u00e1 contar con la identificaci\u00f3n del titular, su causahabiente, representante o mandatario.<\/li>\n<li>Habr\u00e1 de contener la descripci\u00f3n de los hechos que dan lugar a su petici\u00f3n.<\/li>\n<li>Datos de notificaci\u00f3n.<\/li>\n<li>Documentos y hechos soportes de su petici\u00f3n.<\/li>\n<\/ol>\n<p>En caso que el requerimiento resulte incompleto en cuanto a sus requerimientos, el titular ser\u00e1 requerido para que dentro de los cinco (5) d\u00edas h\u00e1biles siguientes a la recepci\u00f3n del requerimiento subsane sus omisiones. Transcurrido dos (2) meses desde la fecha en que el solicitante fue requerido para subsanar la petici\u00f3n sin obtener la informaci\u00f3n requerida, se entender\u00e1 que ha desistido del reclamo.<br \/>\nUna vez admitido el tr\u00e1mite este deber\u00e1 ser calificado como \u201creclamo en tr\u00e1mite\u201d.<\/p>\n<p>El t\u00e9rmino m\u00e1ximo para atender un reclamo ser\u00e1 de quince (15) d\u00edas h\u00e1biles contados a partir del d\u00eda siguiente a la fecha de su recibo.<\/p>\n<p>Si no fuere posible responder alg\u00fan requerimiento en raz\u00f3n a su complejidad, se informar\u00e1 al titular el motivo por el cual no es posible responder dentro del t\u00e9rmino fijado por la Ley de Datos Personales. Cuando se notifique sobre la imposibilidad de responder en el t\u00e9rmino inicialmente se\u00f1alado, deber\u00e1 informarse al titular la fecha en la que se responder\u00e1 su requerimiento, la cual en ning\u00fan caso podr\u00e1 superar los ocho (8) d\u00edas h\u00e1biles siguientes al vencimiento del primer t\u00e9rmino.<\/li>\n<li><strong>Pol\u00edticas de ZambranoGroup frente al tratamiento de datos personales:<\/strong>\n<ol style='list-style-type: upper-alpha;' type='A'>\n<li>Cumplir con el tratamiento de los datos personales de los titulares dentro de los par\u00e1metros establecidos por la constituci\u00f3n y la ley.<\/li>\n<li>Obtener la autorizaci\u00f3n expresa de los titulares en medio f\u00edsico, electr\u00f3nico y\/o telef\u00f3nico que permita su posterior consulta, a fin de constatar de forma inequ\u00edvoca que sin el consentimiento del titular los datos nunca hubieren sido capturados o almacenados en medios electr\u00f3nicos o f\u00edsicos. As\u00ed mismo, se podr\u00e1 obtener por medio de conductas claras e inequ\u00edvocas del titular que permitan concluir de una manera razonable que \u00e9ste otorg\u00f3 su consentimiento para el manejo de sus datos personales.<\/li>\n<li>Garantizar la confidencialidad, integridad y disponibilidad de los datos personales por parte del responsable y los encargados.<\/li>\n<li>Los datos personales s\u00f3lo ser\u00e1n tratados por aquellos colaboradores que lo requieran en funci\u00f3n de las actividades propias de su cargo o por los encargados; a estos \u00faltimos se les suministrar\u00e1 la informaci\u00f3n requerida para el cumplimiento de las obligaciones contractuales.<\/li>\n<li>Los funcionarios deber\u00e1n garantizar la reserva de la informaci\u00f3n durante la vigencia del contrato y con posterioridad a la terminaci\u00f3n del mismo.<br \/>\nRealizar el tratamiento de los datos personales acorde con los fines autorizados por los titulares.<\/li>\n<li>No divulgar datos personales en internet u otro medio masivo de comunicaci\u00f3n, a menos que se trate de informaci\u00f3n p\u00fablica o informaci\u00f3n requerida por la ley.<\/li>\n<li>La informaci\u00f3n de datos personales de los titulares ser\u00e1n custodiados de acuerdo al tiempo definido en las tablas de retenci\u00f3n documental.<br \/>\nA solicitud del titular y cuando no tenga ning\u00fan deber legal o contractual de permanecer en las bases de datos, la informaci\u00f3n del titular deber\u00e1 ser eliminada.<\/li>\n<li>Actualizar la informaci\u00f3n, comunicando de forma oportuna a cualquier tercero autorizado (encargado del tratamiento), todas las novedades respecto de los datos que previamente le haya suministrado y adoptar las medidas necesarias para que la informaci\u00f3n suministrada a este se mantenga actualizada.<\/li>\n<li>Rectificar la informaci\u00f3n cuando sea incorrecta y comunicar lo pertinente a cualquier tercero autorizado (encargado del tratamiento).<br \/>\nTramitar las consultas y reclamos formulados por lo titulares en los t\u00e9rminos se\u00f1alados en la ley. Se informar\u00e1, si es del caso, al encargado para su gesti\u00f3n.<\/li>\n<li>Conservar la informaci\u00f3n bajo las condiciones de seguridad necesarias para impedir su adulteraci\u00f3n, p\u00e9rdida, consulta, uso o acceso no autorizado o fraudulento.<\/li>\n<li>La entidad aplicar\u00e1 las medidas de seguridad id\u00f3neas para el tratamiento de informaci\u00f3n clasificada como sensible en la cual se contempla entre otras, los datos personales de los hijos de los empleados.<\/li>\n<li>Propender por el fortalecimiento de una cultura corporativa que abogue por y salvaguarde los derechos de los titulares, mediante jornadas de capacitaci\u00f3n.<\/li>\n<li>Garantizar al titular en todo tiempo, el \u00b4pleno y efectivo ejercicio del derecho de h\u00e1beas data.<\/li>\n<li>Informar debidamente al titular sobre la finalidad de la recolecci\u00f3n y los derechos que le asisten por virtud de la autorizaci\u00f3n otorgada.<br \/>\nGarantizar la informaci\u00f3n que se suministre a cualquier tercero autorizado, dentro de los par\u00e1metros establecidos en la ley, sea veraz, completa exacta, actualizada, comprobable y comprensible.<\/li>\n<li>La entidad podr\u00e1 intercambiar informaci\u00f3n de datos personales con entidades p\u00fablicas cuando la soliciten en ejercicio de sus funciones para temas relacionados con impuestos, investigaciones y procesos judiciales entre otros.<\/li>\n<li>Se proh\u00edbe la transferencia de informaci\u00f3n de datos personales de cualquier tipo a pa\u00edses que no proporcionen niveles adecuados de protecci\u00f3n de datos.<\/li>\n<li>Los administradores internos de las bases de datos personales deber\u00e1n reportar la informaci\u00f3n de las bases de datos que administren o informar\u00e1n las novedades al \u00e1rea designada como Oficial de Protecci\u00f3n de Datos Personales. Igualmente deber\u00e1n reportar las nuevas bases de datos que se constituyan.<br \/>\nRegistrar y reportar las novedades de las bases de datos en el Registro Nacional de Bases de Datos &#8211; RNBD, en cumplimiento a lo establecido en la normativa legal vigente.<\/li>\n<li>Las pol\u00edticas establecidas podr\u00e1n ser modificadas en cualquier momento. Las modificaciones dar\u00e1n cumplimiento a la normatividad legal vigente, y entrar\u00e1n en vigencia a partir de su publicaci\u00f3n en los medios dispuestos para que sean de conocimiento de los titulares.<\/li>\n<li>La entidad publicar\u00e1 el aviso de privacidad en la p\u00e1gina Web https:\/\/zambranodigital.com\/ .<\/li>\n<\/ol>\n<\/li>\n<li><strong>Pol\u00edticas de Zambrano frente a las restricciones de uso:<\/strong><br \/>\nExcepto cuando sea expresamente autorizado por Zambranogroup SAS o por la ley aplicable por escrito, usted no tiene derecho a reproducir, transmitir, copiar, licenciar, vender, presentar p\u00fablicamente, distribuir, adaptar, traducir, modificar, agrupar, fusionar, compartir o de alg\u00fan otro modo hacer p\u00fablicos a cualquier persona cualesquiera de los materiales o contenido disponibles en el sitio web zambranodigital.com, crear obras derivadas de los mismos, o usarlos para fines comerciales, causar\u00e1 la devoluci\u00f3n inmediata del material tomado y\/o el pago de regal\u00edas por su uso a Zambranogroup SAS.<br \/>\nPol\u00edticas de Zambrano frente a los derechos del material:<br \/>\nTodos los derechos de todo el material y contenido (incluyendo, pero sin limitarse a, texto, im\u00e1genes, logotipos, obra publicitaria, muestras de piezas, informaci\u00f3n de clientes, p\u00e1ginas web, sonidos, software (incluyendo c\u00f3digo, interfaz y estructura del sitio web) y v\u00eddeo, as\u00ed como la apariencia y comportamiento, dise\u00f1o y recopilaci\u00f3n del mismo) del sitio web zambranodigital.com son de la propiedad de Zambranogroup SAS. Usted acepta que se le permite el uso de este material y\/o contenido \u00fanicamente seg\u00fan se establece en estos T\u00e9rminos y Condiciones y en la medida permitida por los mismos.<\/li>\n<li><strong>Pol\u00edticas de Zambrano frente a la propiedad Intelectual:<\/strong><br \/>\nA menos que se indique lo contrario, Zambranogroup SAS es propietario y\/o usuario autorizado de todas las marcas comerciales, marcas de servicio, dise\u00f1os de marca, imagen comercial, patentes, derechos de autor, derechos de bases de datos y otra propiedad intelectual (colectivamente, la \u201cPropiedad Intelectual\u201d) que aparecen o que est\u00e1n contenidos dentro del sitio web zambranodigital.com. Excepto cuando se se\u00f1ale en estos T\u00e9rminos y Condiciones, su uso del Sitio no le confiere ning\u00fan derecho, t\u00edtulo, inter\u00e9s o licencia sobre dicha Propiedad Intelectual a la que pueda tener acceso en el Sitio. Excepto cuando se se\u00f1ale en estos T\u00e9rminos y Condiciones, cualquier uso o reproducci\u00f3n de la Propiedad Intelectual est\u00e1 prohibido.<\/li>\n<\/ol>\n<p>En Bogot\u00e1 al 1 dia del mes de abril de 2017.<\/p>\n<\/div>\n<\/div>","protected":false},"excerpt":{"rendered":"<p>POL\u00cdTICA DE TRATAMIENTO DE DATOS PERSONALES Zambranogroup SAS, en cumplimiento de la Ley 1581 de 2012 y dem\u00e1s normas concordantes, es responsable de sus datos personales. Sus Derechos como titular de la informaci\u00f3n son: A) Conocer, actualizar, suprimir, revocar y rectificar sus datos personales. Este derecho se podr\u00e1 ejercer, entre otros, frente a datos parciales, &#8230;<\/p>\n","protected":false},"author":1,"featured_media":0,"parent":0,"menu_order":0,"comment_status":"open","ping_status":"open","template":"page-normal.php","meta":{"_acf_changed":false,"_locale":"en_US","_original_post":"351","footnotes":""},"class_list":["post-4309","page","type-page","status-publish","hentry","en-US"],"acf":[],"yoast_head":"<!-- This site is optimized with the Yoast SEO plugin v23.5 - https:\/\/yoast.com\/wordpress\/plugins\/seo\/ -->\n<title>Legal Information - ZAMBRANO<\/title>\n<meta name=\"robots\" content=\"index, follow, max-snippet:-1, max-image-preview:large, max-video-preview:-1\" \/>\n<link rel=\"canonical\" href=\"https:\/\/zambranodigital.com\/en\/legal\/\" \/>\n<meta property=\"og:locale\" content=\"en_US\" \/>\n<meta property=\"og:type\" content=\"article\" \/>\n<meta property=\"og:title\" content=\"Legal Information - ZAMBRANO\" \/>\n<meta property=\"og:description\" content=\"POL\u00cdTICA DE TRATAMIENTO DE DATOS PERSONALES Zambranogroup SAS, en cumplimiento de la Ley 1581 de 2012 y dem\u00e1s normas concordantes, es responsable de sus datos personales. Sus Derechos como titular de la informaci\u00f3n son: A) Conocer, actualizar, suprimir, revocar y rectificar sus datos personales. Este derecho se podr\u00e1 ejercer, entre otros, frente a datos parciales, ...\" \/>\n<meta property=\"og:url\" content=\"https:\/\/zambranodigital.com\/en\/legal\/\" \/>\n<meta property=\"og:site_name\" content=\"ZAMBRANO\" \/>\n<meta property=\"article:publisher\" content=\"https:\/\/www.facebook.com\/zambranodigital\" \/>\n<meta property=\"article:modified_time\" content=\"2017-12-13T20:29:41+00:00\" \/>\n<meta name=\"twitter:card\" content=\"summary_large_image\" \/>\n<meta name=\"twitter:site\" content=\"@zambranodigital\" \/>\n<meta name=\"twitter:label1\" content=\"Est. reading time\" \/>\n\t<meta name=\"twitter:data1\" content=\"9 minutes\" \/>\n<script type=\"application\/ld+json\" class=\"yoast-schema-graph\">{\"@context\":\"https:\/\/schema.org\",\"@graph\":[{\"@type\":\"WebPage\",\"@id\":\"https:\/\/zambranodigital.com\/en\/legal\/\",\"url\":\"https:\/\/zambranodigital.com\/en\/legal\/\",\"name\":\"Legal Information - ZAMBRANO\",\"isPartOf\":{\"@id\":\"https:\/\/zambranodigital.com\/#website\"},\"datePublished\":\"2017-12-11T22:20:12+00:00\",\"dateModified\":\"2017-12-13T20:29:41+00:00\",\"breadcrumb\":{\"@id\":\"https:\/\/zambranodigital.com\/en\/legal\/#breadcrumb\"},\"inLanguage\":\"en-US\",\"potentialAction\":[{\"@type\":\"ReadAction\",\"target\":[\"https:\/\/zambranodigital.com\/en\/legal\/\"]}]},{\"@type\":\"BreadcrumbList\",\"@id\":\"https:\/\/zambranodigital.com\/en\/legal\/#breadcrumb\",\"itemListElement\":[{\"@type\":\"ListItem\",\"position\":1,\"name\":\"Portada\",\"item\":\"https:\/\/zambranodigital.com\/en\/\"},{\"@type\":\"ListItem\",\"position\":2,\"name\":\"Legal Information\"}]},{\"@type\":\"WebSite\",\"@id\":\"https:\/\/zambranodigital.com\/#website\",\"url\":\"https:\/\/zambranodigital.com\/\",\"name\":\"Zambrano Consultants\",\"description\":\"\",\"publisher\":{\"@id\":\"https:\/\/zambranodigital.com\/#organization\"},\"potentialAction\":[{\"@type\":\"SearchAction\",\"target\":{\"@type\":\"EntryPoint\",\"urlTemplate\":\"https:\/\/zambranodigital.com\/?s={search_term_string}\"},\"query-input\":{\"@type\":\"PropertyValueSpecification\",\"valueRequired\":true,\"valueName\":\"search_term_string\"}}],\"inLanguage\":\"en-US\"},{\"@type\":\"Organization\",\"@id\":\"https:\/\/zambranodigital.com\/#organization\",\"name\":\"Zambrano Consultants\",\"url\":\"https:\/\/zambranodigital.com\/\",\"logo\":{\"@type\":\"ImageObject\",\"inLanguage\":\"en-US\",\"@id\":\"https:\/\/zambranodigital.com\/#\/schema\/logo\/image\/\",\"url\":\"https:\/\/zambranodigital.com\/wp-content\/uploads\/2018\/04\/zambrano_logo.svg\",\"contentUrl\":\"https:\/\/zambranodigital.com\/wp-content\/uploads\/2018\/04\/zambrano_logo.svg\",\"caption\":\"Zambrano Consultants\"},\"image\":{\"@id\":\"https:\/\/zambranodigital.com\/#\/schema\/logo\/image\/\"},\"sameAs\":[\"https:\/\/www.facebook.com\/zambranodigital\",\"https:\/\/x.com\/zambranodigital\",\"https:\/\/www.linkedin.com\/company\/zambrano\",\"https:\/\/www.youtube.com\/channel\/UCfzv6M5s9zWz0jA7S_L4tJw\"]}]}<\/script>\n<!-- \/ Yoast SEO plugin. -->","yoast_head_json":{"title":"Legal Information - ZAMBRANO","robots":{"index":"index","follow":"follow","max-snippet":"max-snippet:-1","max-image-preview":"max-image-preview:large","max-video-preview":"max-video-preview:-1"},"canonical":"https:\/\/zambranodigital.com\/en\/legal\/","og_locale":"en_US","og_type":"article","og_title":"Legal Information - ZAMBRANO","og_description":"POL\u00cdTICA DE TRATAMIENTO DE DATOS PERSONALES Zambranogroup SAS, en cumplimiento de la Ley 1581 de 2012 y dem\u00e1s normas concordantes, es responsable de sus datos personales. Sus Derechos como titular de la informaci\u00f3n son: A) Conocer, actualizar, suprimir, revocar y rectificar sus datos personales. Este derecho se podr\u00e1 ejercer, entre otros, frente a datos parciales, ...","og_url":"https:\/\/zambranodigital.com\/en\/legal\/","og_site_name":"ZAMBRANO","article_publisher":"https:\/\/www.facebook.com\/zambranodigital","article_modified_time":"2017-12-13T20:29:41+00:00","twitter_card":"summary_large_image","twitter_site":"@zambranodigital","twitter_misc":{"Est. reading time":"9 minutes"},"schema":{"@context":"https:\/\/schema.org","@graph":[{"@type":"WebPage","@id":"https:\/\/zambranodigital.com\/en\/legal\/","url":"https:\/\/zambranodigital.com\/en\/legal\/","name":"Legal Information - ZAMBRANO","isPartOf":{"@id":"https:\/\/zambranodigital.com\/#website"},"datePublished":"2017-12-11T22:20:12+00:00","dateModified":"2017-12-13T20:29:41+00:00","breadcrumb":{"@id":"https:\/\/zambranodigital.com\/en\/legal\/#breadcrumb"},"inLanguage":"en-US","potentialAction":[{"@type":"ReadAction","target":["https:\/\/zambranodigital.com\/en\/legal\/"]}]},{"@type":"BreadcrumbList","@id":"https:\/\/zambranodigital.com\/en\/legal\/#breadcrumb","itemListElement":[{"@type":"ListItem","position":1,"name":"Portada","item":"https:\/\/zambranodigital.com\/en\/"},{"@type":"ListItem","position":2,"name":"Legal Information"}]},{"@type":"WebSite","@id":"https:\/\/zambranodigital.com\/#website","url":"https:\/\/zambranodigital.com\/","name":"Zambrano Consultants","description":"","publisher":{"@id":"https:\/\/zambranodigital.com\/#organization"},"potentialAction":[{"@type":"SearchAction","target":{"@type":"EntryPoint","urlTemplate":"https:\/\/zambranodigital.com\/?s={search_term_string}"},"query-input":{"@type":"PropertyValueSpecification","valueRequired":true,"valueName":"search_term_string"}}],"inLanguage":"en-US"},{"@type":"Organization","@id":"https:\/\/zambranodigital.com\/#organization","name":"Zambrano Consultants","url":"https:\/\/zambranodigital.com\/","logo":{"@type":"ImageObject","inLanguage":"en-US","@id":"https:\/\/zambranodigital.com\/#\/schema\/logo\/image\/","url":"https:\/\/zambranodigital.com\/wp-content\/uploads\/2018\/04\/zambrano_logo.svg","contentUrl":"https:\/\/zambranodigital.com\/wp-content\/uploads\/2018\/04\/zambrano_logo.svg","caption":"Zambrano Consultants"},"image":{"@id":"https:\/\/zambranodigital.com\/#\/schema\/logo\/image\/"},"sameAs":["https:\/\/www.facebook.com\/zambranodigital","https:\/\/x.com\/zambranodigital","https:\/\/www.linkedin.com\/company\/zambrano","https:\/\/www.youtube.com\/channel\/UCfzv6M5s9zWz0jA7S_L4tJw"]}]}},"amp_enabled":false,"_links":{"self":[{"href":"https:\/\/zambranodigital.com\/wp-json\/wp\/v2\/pages\/4309"}],"collection":[{"href":"https:\/\/zambranodigital.com\/wp-json\/wp\/v2\/pages"}],"about":[{"href":"https:\/\/zambranodigital.com\/wp-json\/wp\/v2\/types\/page"}],"author":[{"embeddable":true,"href":"https:\/\/zambranodigital.com\/wp-json\/wp\/v2\/users\/1"}],"replies":[{"embeddable":true,"href":"https:\/\/zambranodigital.com\/wp-json\/wp\/v2\/comments?post=4309"}],"version-history":[{"count":1,"href":"https:\/\/zambranodigital.com\/wp-json\/wp\/v2\/pages\/4309\/revisions"}],"predecessor-version":[{"id":4310,"href":"https:\/\/zambranodigital.com\/wp-json\/wp\/v2\/pages\/4309\/revisions\/4310"}],"wp:attachment":[{"href":"https:\/\/zambranodigital.com\/wp-json\/wp\/v2\/media?parent=4309"}],"curies":[{"name":"wp","href":"https:\/\/api.w.org\/{rel}","templated":true}]}}