{"id":4319,"date":"2017-12-11T17:38:05","date_gmt":"2017-12-11T22:38:05","guid":{"rendered":"https:\/\/zambranodigital.com\/?page_id=4319"},"modified":"2018-01-30T10:21:44","modified_gmt":"2018-01-30T15:21:44","slug":"web-design","status":"publish","type":"page","link":"https:\/\/zambranodigital.com\/en\/services\/web-design\/","title":{"rendered":"Web Design &#038; Development"},"content":{"rendered":"<div class=\"page_content\"><p>Your company needs a functional, value-generating website, one that represents your brand in a consistent way. at Zambrano we design and develop flexible websites, using current web standards and focusing on your users<\/p>\n<h2>There&#8217;s a web solution for every business:<\/h2>\n<ul>\n<li><span style=\"font-weight: 400;\">Educational Institutions with online learning platforms.<\/span><\/li>\n<li>E-commerce websites<\/li>\n<li><span style=\"font-weight: 400;\">Corporate Websites<\/span><\/li>\n<li>Informative Sites: Press, Blogs, Communities<\/li>\n<\/ul>\n<div class=\"title_block text-center\">\n<h1>Discover our work<\/h1>\n<\/div>\n<div id=\"ajax-load-more\" class=\"ajax-load-more-wrap grey\"  data-alm-id=\"\" data-canonical-url=\"https:\/\/zambranodigital.com\/en\/services\/web-design\/\" data-slug=\"web-design\" data-post-id=\"4319\"  data-localized=\"ajax_load_more_vars\" data-alm-object=\"ajax_load_more\"><div aria-live=\"polite\" aria-atomic=\"true\" class=\"alm-listing alm-ajax container row\" data-container-type=\"div\" data-loading-style=\"grey\" data-repeater=\"default\" data-post-type=\"proyecto\" data-taxonomy=\"tipo\" data-taxonomy-terms=\"web\" data-taxonomy-operator=\"IN\" data-meta-key=\"_locale\" data-meta-value=\"en_US\" data-order=\"DESC\" data-orderby=\"date\" data-offset=\"0\" data-posts-per-page=\"6\" data-button-label=\"More Projects\" data-button-loading-label=\"Loading\" data-prev-button-label=\"Load Previous\"><\/div><div class=\"alm-btn-wrap\" style=\"visibility: hidden\" data-rel=\"ajax-load-more\"><button class=\"alm-load-more-btn more \" type=\"button\">More Projects<\/button><\/div><\/div>\n<\/div>","protected":false},"excerpt":{"rendered":"<h3>INFORMACI\u00d3N, INTERACTIVIDAD Y CREATIVIDAD<\/h3>\n<p>Su empresa necesita el dise\u00f1o de un sitio web funcional que genere valor y que represente su marca de manera consistente. \u00a0En Zambrano dise\u00f1amos y desarrollamos sitios web flexibles, bajo est\u00e1ndares y orientados a\u00a0usuarios. Existe una&#8230; &#8230;<\/p>\n","protected":false},"author":1,"featured_media":4192,"parent":4681,"menu_order":1,"comment_status":"open","ping_status":"closed","template":"","meta":{"_acf_changed":false,"_locale":"en_US","_original_post":"1381","footnotes":""},"class_list":["post-4319","page","type-page","status-publish","has-post-thumbnail","hentry","en-US"],"acf":[],"yoast_head":"<!-- This site is optimized with the Yoast SEO plugin v23.5 - https:\/\/yoast.com\/wordpress\/plugins\/seo\/ -->\n<title>Dise\u00f1o de sitios web - Dise\u00f1o Web<\/title>\n<meta name=\"description\" content=\"Dise\u00f1o de sitios web flexibles, bajo est\u00e1ndares y orientados a\u00a0usuarios.\" \/>\n<meta name=\"robots\" content=\"index, follow, max-snippet:-1, max-image-preview:large, max-video-preview:-1\" \/>\n<link rel=\"canonical\" href=\"https:\/\/zambranodigital.com\/en\/services\/web-design\/\" \/>\n<meta property=\"og:locale\" content=\"en_US\" \/>\n<meta property=\"og:type\" content=\"article\" \/>\n<meta property=\"og:title\" content=\"Dise\u00f1o de sitios web - Dise\u00f1o Web\" \/>\n<meta property=\"og:description\" content=\"Dise\u00f1o de sitios web flexibles, bajo est\u00e1ndares y orientados a\u00a0usuarios.\" \/>\n<meta property=\"og:url\" content=\"https:\/\/zambranodigital.com\/en\/services\/web-design\/\" \/>\n<meta property=\"og:site_name\" content=\"ZAMBRANO\" \/>\n<meta property=\"article:publisher\" content=\"https:\/\/www.facebook.com\/zambranodigital\" \/>\n<meta property=\"article:modified_time\" content=\"2018-01-30T15:21:44+00:00\" \/>\n<meta property=\"og:image\" content=\"https:\/\/zambranodigital.com\/wp-content\/uploads\/2017\/05\/05122017_portada_peruvian_naturals.jpg\" \/>\n\t<meta property=\"og:image:width\" content=\"500\" \/>\n\t<meta property=\"og:image:height\" content=\"300\" \/>\n\t<meta property=\"og:image:type\" content=\"image\/jpeg\" \/>\n<meta name=\"twitter:card\" content=\"summary_large_image\" \/>\n<meta name=\"twitter:site\" content=\"@zambranodigital\" \/>\n<script type=\"application\/ld+json\" class=\"yoast-schema-graph\">{\"@context\":\"https:\/\/schema.org\",\"@graph\":[{\"@type\":\"WebPage\",\"@id\":\"https:\/\/zambranodigital.com\/en\/services\/web-design\/\",\"url\":\"https:\/\/zambranodigital.com\/en\/services\/web-design\/\",\"name\":\"Dise\u00f1o de sitios web - Dise\u00f1o Web\",\"isPartOf\":{\"@id\":\"https:\/\/zambranodigital.com\/#website\"},\"primaryImageOfPage\":{\"@id\":\"https:\/\/zambranodigital.com\/en\/services\/web-design\/#primaryimage\"},\"image\":{\"@id\":\"https:\/\/zambranodigital.com\/en\/services\/web-design\/#primaryimage\"},\"thumbnailUrl\":\"https:\/\/zambranodigital.com\/wp-content\/uploads\/2017\/05\/05122017_portada_peruvian_naturals.jpg\",\"datePublished\":\"2017-12-11T22:38:05+00:00\",\"dateModified\":\"2018-01-30T15:21:44+00:00\",\"description\":\"Dise\u00f1o de sitios web flexibles, bajo est\u00e1ndares y orientados a\u00a0usuarios.\",\"breadcrumb\":{\"@id\":\"https:\/\/zambranodigital.com\/en\/services\/web-design\/#breadcrumb\"},\"inLanguage\":\"en-US\",\"potentialAction\":[{\"@type\":\"ReadAction\",\"target\":[\"https:\/\/zambranodigital.com\/en\/services\/web-design\/\"]}]},{\"@type\":\"ImageObject\",\"inLanguage\":\"en-US\",\"@id\":\"https:\/\/zambranodigital.com\/en\/services\/web-design\/#primaryimage\",\"url\":\"https:\/\/zambranodigital.com\/wp-content\/uploads\/2017\/05\/05122017_portada_peruvian_naturals.jpg\",\"contentUrl\":\"https:\/\/zambranodigital.com\/wp-content\/uploads\/2017\/05\/05122017_portada_peruvian_naturals.jpg\",\"width\":500,\"height\":300},{\"@type\":\"BreadcrumbList\",\"@id\":\"https:\/\/zambranodigital.com\/en\/services\/web-design\/#breadcrumb\",\"itemListElement\":[{\"@type\":\"ListItem\",\"position\":1,\"name\":\"Portada\",\"item\":\"https:\/\/zambranodigital.com\/en\/\"},{\"@type\":\"ListItem\",\"position\":2,\"name\":\"Services\",\"item\":\"https:\/\/zambranodigital.com\/en\/services\/\"},{\"@type\":\"ListItem\",\"position\":3,\"name\":\"Web Design &#038; Development\"}]},{\"@type\":\"WebSite\",\"@id\":\"https:\/\/zambranodigital.com\/#website\",\"url\":\"https:\/\/zambranodigital.com\/\",\"name\":\"Zambrano Consultants\",\"description\":\"\",\"publisher\":{\"@id\":\"https:\/\/zambranodigital.com\/#organization\"},\"potentialAction\":[{\"@type\":\"SearchAction\",\"target\":{\"@type\":\"EntryPoint\",\"urlTemplate\":\"https:\/\/zambranodigital.com\/?s={search_term_string}\"},\"query-input\":{\"@type\":\"PropertyValueSpecification\",\"valueRequired\":true,\"valueName\":\"search_term_string\"}}],\"inLanguage\":\"en-US\"},{\"@type\":\"Organization\",\"@id\":\"https:\/\/zambranodigital.com\/#organization\",\"name\":\"Zambrano Consultants\",\"url\":\"https:\/\/zambranodigital.com\/\",\"logo\":{\"@type\":\"ImageObject\",\"inLanguage\":\"en-US\",\"@id\":\"https:\/\/zambranodigital.com\/#\/schema\/logo\/image\/\",\"url\":\"https:\/\/zambranodigital.com\/wp-content\/uploads\/2018\/04\/zambrano_logo.svg\",\"contentUrl\":\"https:\/\/zambranodigital.com\/wp-content\/uploads\/2018\/04\/zambrano_logo.svg\",\"caption\":\"Zambrano Consultants\"},\"image\":{\"@id\":\"https:\/\/zambranodigital.com\/#\/schema\/logo\/image\/\"},\"sameAs\":[\"https:\/\/www.facebook.com\/zambranodigital\",\"https:\/\/x.com\/zambranodigital\",\"https:\/\/www.linkedin.com\/company\/zambrano\",\"https:\/\/www.youtube.com\/channel\/UCfzv6M5s9zWz0jA7S_L4tJw\"]}]}<\/script>\n<!-- \/ Yoast SEO plugin. -->","yoast_head_json":{"title":"Dise\u00f1o de sitios web - Dise\u00f1o Web","description":"Dise\u00f1o de sitios web flexibles, bajo est\u00e1ndares y orientados a\u00a0usuarios.","robots":{"index":"index","follow":"follow","max-snippet":"max-snippet:-1","max-image-preview":"max-image-preview:large","max-video-preview":"max-video-preview:-1"},"canonical":"https:\/\/zambranodigital.com\/en\/services\/web-design\/","og_locale":"en_US","og_type":"article","og_title":"Dise\u00f1o de sitios web - Dise\u00f1o Web","og_description":"Dise\u00f1o de sitios web flexibles, bajo est\u00e1ndares y orientados a\u00a0usuarios.","og_url":"https:\/\/zambranodigital.com\/en\/services\/web-design\/","og_site_name":"ZAMBRANO","article_publisher":"https:\/\/www.facebook.com\/zambranodigital","article_modified_time":"2018-01-30T15:21:44+00:00","og_image":[{"width":500,"height":300,"url":"https:\/\/zambranodigital.com\/wp-content\/uploads\/2017\/05\/05122017_portada_peruvian_naturals.jpg","type":"image\/jpeg"}],"twitter_card":"summary_large_image","twitter_site":"@zambranodigital","schema":{"@context":"https:\/\/schema.org","@graph":[{"@type":"WebPage","@id":"https:\/\/zambranodigital.com\/en\/services\/web-design\/","url":"https:\/\/zambranodigital.com\/en\/services\/web-design\/","name":"Dise\u00f1o de sitios web - Dise\u00f1o Web","isPartOf":{"@id":"https:\/\/zambranodigital.com\/#website"},"primaryImageOfPage":{"@id":"https:\/\/zambranodigital.com\/en\/services\/web-design\/#primaryimage"},"image":{"@id":"https:\/\/zambranodigital.com\/en\/services\/web-design\/#primaryimage"},"thumbnailUrl":"https:\/\/zambranodigital.com\/wp-content\/uploads\/2017\/05\/05122017_portada_peruvian_naturals.jpg","datePublished":"2017-12-11T22:38:05+00:00","dateModified":"2018-01-30T15:21:44+00:00","description":"Dise\u00f1o de sitios web flexibles, bajo est\u00e1ndares y orientados a\u00a0usuarios.","breadcrumb":{"@id":"https:\/\/zambranodigital.com\/en\/services\/web-design\/#breadcrumb"},"inLanguage":"en-US","potentialAction":[{"@type":"ReadAction","target":["https:\/\/zambranodigital.com\/en\/services\/web-design\/"]}]},{"@type":"ImageObject","inLanguage":"en-US","@id":"https:\/\/zambranodigital.com\/en\/services\/web-design\/#primaryimage","url":"https:\/\/zambranodigital.com\/wp-content\/uploads\/2017\/05\/05122017_portada_peruvian_naturals.jpg","contentUrl":"https:\/\/zambranodigital.com\/wp-content\/uploads\/2017\/05\/05122017_portada_peruvian_naturals.jpg","width":500,"height":300},{"@type":"BreadcrumbList","@id":"https:\/\/zambranodigital.com\/en\/services\/web-design\/#breadcrumb","itemListElement":[{"@type":"ListItem","position":1,"name":"Portada","item":"https:\/\/zambranodigital.com\/en\/"},{"@type":"ListItem","position":2,"name":"Services","item":"https:\/\/zambranodigital.com\/en\/services\/"},{"@type":"ListItem","position":3,"name":"Web Design &#038; Development"}]},{"@type":"WebSite","@id":"https:\/\/zambranodigital.com\/#website","url":"https:\/\/zambranodigital.com\/","name":"Zambrano Consultants","description":"","publisher":{"@id":"https:\/\/zambranodigital.com\/#organization"},"potentialAction":[{"@type":"SearchAction","target":{"@type":"EntryPoint","urlTemplate":"https:\/\/zambranodigital.com\/?s={search_term_string}"},"query-input":{"@type":"PropertyValueSpecification","valueRequired":true,"valueName":"search_term_string"}}],"inLanguage":"en-US"},{"@type":"Organization","@id":"https:\/\/zambranodigital.com\/#organization","name":"Zambrano Consultants","url":"https:\/\/zambranodigital.com\/","logo":{"@type":"ImageObject","inLanguage":"en-US","@id":"https:\/\/zambranodigital.com\/#\/schema\/logo\/image\/","url":"https:\/\/zambranodigital.com\/wp-content\/uploads\/2018\/04\/zambrano_logo.svg","contentUrl":"https:\/\/zambranodigital.com\/wp-content\/uploads\/2018\/04\/zambrano_logo.svg","caption":"Zambrano Consultants"},"image":{"@id":"https:\/\/zambranodigital.com\/#\/schema\/logo\/image\/"},"sameAs":["https:\/\/www.facebook.com\/zambranodigital","https:\/\/x.com\/zambranodigital","https:\/\/www.linkedin.com\/company\/zambrano","https:\/\/www.youtube.com\/channel\/UCfzv6M5s9zWz0jA7S_L4tJw"]}]}},"amp_enabled":true,"_links":{"self":[{"href":"https:\/\/zambranodigital.com\/wp-json\/wp\/v2\/pages\/4319"}],"collection":[{"href":"https:\/\/zambranodigital.com\/wp-json\/wp\/v2\/pages"}],"about":[{"href":"https:\/\/zambranodigital.com\/wp-json\/wp\/v2\/types\/page"}],"author":[{"embeddable":true,"href":"https:\/\/zambranodigital.com\/wp-json\/wp\/v2\/users\/1"}],"replies":[{"embeddable":true,"href":"https:\/\/zambranodigital.com\/wp-json\/wp\/v2\/comments?post=4319"}],"version-history":[{"count":3,"href":"https:\/\/zambranodigital.com\/wp-json\/wp\/v2\/pages\/4319\/revisions"}],"predecessor-version":[{"id":4364,"href":"https:\/\/zambranodigital.com\/wp-json\/wp\/v2\/pages\/4319\/revisions\/4364"}],"up":[{"embeddable":true,"href":"https:\/\/zambranodigital.com\/wp-json\/wp\/v2\/pages\/4681"}],"wp:featuredmedia":[{"embeddable":true,"href":"https:\/\/zambranodigital.com\/wp-json\/wp\/v2\/media\/4192"}],"wp:attachment":[{"href":"https:\/\/zambranodigital.com\/wp-json\/wp\/v2\/media?parent=4319"}],"curies":[{"name":"wp","href":"https:\/\/api.w.org\/{rel}","templated":true}]}}