{"id":4681,"date":"2017-12-14T15:35:02","date_gmt":"2017-12-14T20:35:02","guid":{"rendered":"https:\/\/zambranodigital.com\/?page_id=4681"},"modified":"2017-12-14T15:43:35","modified_gmt":"2017-12-14T20:43:35","slug":"services","status":"publish","type":"page","link":"https:\/\/zambranodigital.com\/en\/services\/","title":{"rendered":"Services"},"content":{"rendered":"<div class=\"page_content\"><p><span style=\"font-weight: 400;\"><br \/>\nWe&#8217;re experts in optimizng digital communications channels in order to present a clean and viable strategy towards the national and international markets. We deliver all the information you need to prepare your product and we watch over its development and implementation.<\/span><\/p>\n<p><a class=\"btn btn-outline-info\" href=\"https:\/\/zambranodigital.com\/en\/servicios\/pasos-para-exportar\/\">Discover our process<\/a><\/p>\n<\/div>","protected":false},"excerpt":{"rendered":"<p>We&#8217;re experts in optimizng digital communications channels in order to present a clean and viable strategy towards the national and international markets. We deliver all the information you need to prepare your product and we watch over its development and implementation. Discover our process &#8230;<\/p>\n","protected":false},"author":1,"featured_media":0,"parent":0,"menu_order":2,"comment_status":"open","ping_status":"closed","template":"","meta":{"_acf_changed":false,"_locale":"en_US","_original_post":"31","footnotes":""},"class_list":["post-4681","page","type-page","status-publish","hentry","en-US"],"acf":[],"yoast_head":"<!-- This site is optimized with the Yoast SEO plugin v23.5 - https:\/\/yoast.com\/wordpress\/plugins\/seo\/ -->\n<title>Dise\u00f1o de etiquetas y empaques para productos- Imagen corporativa<\/title>\n<meta name=\"description\" content=\"Dise\u00f1o de etiquetas y empaques para productos de exportaci\u00f3n. Acompa\u00f1amos nuestros clientes en el dise\u00f1o y promoci\u00f3n de su marca.\" \/>\n<meta name=\"robots\" content=\"index, follow, max-snippet:-1, max-image-preview:large, max-video-preview:-1\" \/>\n<link rel=\"canonical\" href=\"https:\/\/zambranodigital.com\/en\/services\/\" \/>\n<meta property=\"og:locale\" content=\"en_US\" \/>\n<meta property=\"og:type\" content=\"article\" \/>\n<meta property=\"og:title\" content=\"Dise\u00f1o de etiquetas y empaques para productos- Imagen corporativa\" \/>\n<meta property=\"og:description\" content=\"Dise\u00f1o de etiquetas y empaques para productos de exportaci\u00f3n. Acompa\u00f1amos nuestros clientes en el dise\u00f1o y promoci\u00f3n de su marca.\" \/>\n<meta property=\"og:url\" content=\"https:\/\/zambranodigital.com\/en\/services\/\" \/>\n<meta property=\"og:site_name\" content=\"ZAMBRANO\" \/>\n<meta property=\"article:publisher\" content=\"https:\/\/www.facebook.com\/zambranodigital\" \/>\n<meta property=\"article:modified_time\" content=\"2017-12-14T20:43:35+00:00\" \/>\n<meta name=\"twitter:card\" content=\"summary_large_image\" \/>\n<meta name=\"twitter:site\" content=\"@zambranodigital\" \/>\n<script type=\"application\/ld+json\" class=\"yoast-schema-graph\">{\"@context\":\"https:\/\/schema.org\",\"@graph\":[{\"@type\":\"WebPage\",\"@id\":\"https:\/\/zambranodigital.com\/en\/services\/\",\"url\":\"https:\/\/zambranodigital.com\/en\/services\/\",\"name\":\"Dise\u00f1o de etiquetas y empaques para productos- Imagen corporativa\",\"isPartOf\":{\"@id\":\"https:\/\/zambranodigital.com\/#website\"},\"datePublished\":\"2017-12-14T20:35:02+00:00\",\"dateModified\":\"2017-12-14T20:43:35+00:00\",\"description\":\"Dise\u00f1o de etiquetas y empaques para productos de exportaci\u00f3n. Acompa\u00f1amos nuestros clientes en el dise\u00f1o y promoci\u00f3n de su marca.\",\"breadcrumb\":{\"@id\":\"https:\/\/zambranodigital.com\/en\/services\/#breadcrumb\"},\"inLanguage\":\"en-US\",\"potentialAction\":[{\"@type\":\"ReadAction\",\"target\":[\"https:\/\/zambranodigital.com\/en\/services\/\"]}]},{\"@type\":\"BreadcrumbList\",\"@id\":\"https:\/\/zambranodigital.com\/en\/services\/#breadcrumb\",\"itemListElement\":[{\"@type\":\"ListItem\",\"position\":1,\"name\":\"Portada\",\"item\":\"https:\/\/zambranodigital.com\/en\/\"},{\"@type\":\"ListItem\",\"position\":2,\"name\":\"Services\"}]},{\"@type\":\"WebSite\",\"@id\":\"https:\/\/zambranodigital.com\/#website\",\"url\":\"https:\/\/zambranodigital.com\/\",\"name\":\"Zambrano Consultants\",\"description\":\"\",\"publisher\":{\"@id\":\"https:\/\/zambranodigital.com\/#organization\"},\"potentialAction\":[{\"@type\":\"SearchAction\",\"target\":{\"@type\":\"EntryPoint\",\"urlTemplate\":\"https:\/\/zambranodigital.com\/?s={search_term_string}\"},\"query-input\":{\"@type\":\"PropertyValueSpecification\",\"valueRequired\":true,\"valueName\":\"search_term_string\"}}],\"inLanguage\":\"en-US\"},{\"@type\":\"Organization\",\"@id\":\"https:\/\/zambranodigital.com\/#organization\",\"name\":\"Zambrano Consultants\",\"url\":\"https:\/\/zambranodigital.com\/\",\"logo\":{\"@type\":\"ImageObject\",\"inLanguage\":\"en-US\",\"@id\":\"https:\/\/zambranodigital.com\/#\/schema\/logo\/image\/\",\"url\":\"https:\/\/zambranodigital.com\/wp-content\/uploads\/2018\/04\/zambrano_logo.svg\",\"contentUrl\":\"https:\/\/zambranodigital.com\/wp-content\/uploads\/2018\/04\/zambrano_logo.svg\",\"caption\":\"Zambrano Consultants\"},\"image\":{\"@id\":\"https:\/\/zambranodigital.com\/#\/schema\/logo\/image\/\"},\"sameAs\":[\"https:\/\/www.facebook.com\/zambranodigital\",\"https:\/\/x.com\/zambranodigital\",\"https:\/\/www.linkedin.com\/company\/zambrano\",\"https:\/\/www.youtube.com\/channel\/UCfzv6M5s9zWz0jA7S_L4tJw\"]}]}<\/script>\n<!-- \/ Yoast SEO plugin. -->","yoast_head_json":{"title":"Dise\u00f1o de etiquetas y empaques para productos- Imagen corporativa","description":"Dise\u00f1o de etiquetas y empaques para productos de exportaci\u00f3n. Acompa\u00f1amos nuestros clientes en el dise\u00f1o y promoci\u00f3n de su marca.","robots":{"index":"index","follow":"follow","max-snippet":"max-snippet:-1","max-image-preview":"max-image-preview:large","max-video-preview":"max-video-preview:-1"},"canonical":"https:\/\/zambranodigital.com\/en\/services\/","og_locale":"en_US","og_type":"article","og_title":"Dise\u00f1o de etiquetas y empaques para productos- Imagen corporativa","og_description":"Dise\u00f1o de etiquetas y empaques para productos de exportaci\u00f3n. Acompa\u00f1amos nuestros clientes en el dise\u00f1o y promoci\u00f3n de su marca.","og_url":"https:\/\/zambranodigital.com\/en\/services\/","og_site_name":"ZAMBRANO","article_publisher":"https:\/\/www.facebook.com\/zambranodigital","article_modified_time":"2017-12-14T20:43:35+00:00","twitter_card":"summary_large_image","twitter_site":"@zambranodigital","schema":{"@context":"https:\/\/schema.org","@graph":[{"@type":"WebPage","@id":"https:\/\/zambranodigital.com\/en\/services\/","url":"https:\/\/zambranodigital.com\/en\/services\/","name":"Dise\u00f1o de etiquetas y empaques para productos- Imagen corporativa","isPartOf":{"@id":"https:\/\/zambranodigital.com\/#website"},"datePublished":"2017-12-14T20:35:02+00:00","dateModified":"2017-12-14T20:43:35+00:00","description":"Dise\u00f1o de etiquetas y empaques para productos de exportaci\u00f3n. Acompa\u00f1amos nuestros clientes en el dise\u00f1o y promoci\u00f3n de su marca.","breadcrumb":{"@id":"https:\/\/zambranodigital.com\/en\/services\/#breadcrumb"},"inLanguage":"en-US","potentialAction":[{"@type":"ReadAction","target":["https:\/\/zambranodigital.com\/en\/services\/"]}]},{"@type":"BreadcrumbList","@id":"https:\/\/zambranodigital.com\/en\/services\/#breadcrumb","itemListElement":[{"@type":"ListItem","position":1,"name":"Portada","item":"https:\/\/zambranodigital.com\/en\/"},{"@type":"ListItem","position":2,"name":"Services"}]},{"@type":"WebSite","@id":"https:\/\/zambranodigital.com\/#website","url":"https:\/\/zambranodigital.com\/","name":"Zambrano Consultants","description":"","publisher":{"@id":"https:\/\/zambranodigital.com\/#organization"},"potentialAction":[{"@type":"SearchAction","target":{"@type":"EntryPoint","urlTemplate":"https:\/\/zambranodigital.com\/?s={search_term_string}"},"query-input":{"@type":"PropertyValueSpecification","valueRequired":true,"valueName":"search_term_string"}}],"inLanguage":"en-US"},{"@type":"Organization","@id":"https:\/\/zambranodigital.com\/#organization","name":"Zambrano Consultants","url":"https:\/\/zambranodigital.com\/","logo":{"@type":"ImageObject","inLanguage":"en-US","@id":"https:\/\/zambranodigital.com\/#\/schema\/logo\/image\/","url":"https:\/\/zambranodigital.com\/wp-content\/uploads\/2018\/04\/zambrano_logo.svg","contentUrl":"https:\/\/zambranodigital.com\/wp-content\/uploads\/2018\/04\/zambrano_logo.svg","caption":"Zambrano Consultants"},"image":{"@id":"https:\/\/zambranodigital.com\/#\/schema\/logo\/image\/"},"sameAs":["https:\/\/www.facebook.com\/zambranodigital","https:\/\/x.com\/zambranodigital","https:\/\/www.linkedin.com\/company\/zambrano","https:\/\/www.youtube.com\/channel\/UCfzv6M5s9zWz0jA7S_L4tJw"]}]}},"amp_enabled":true,"_links":{"self":[{"href":"https:\/\/zambranodigital.com\/wp-json\/wp\/v2\/pages\/4681"}],"collection":[{"href":"https:\/\/zambranodigital.com\/wp-json\/wp\/v2\/pages"}],"about":[{"href":"https:\/\/zambranodigital.com\/wp-json\/wp\/v2\/types\/page"}],"author":[{"embeddable":true,"href":"https:\/\/zambranodigital.com\/wp-json\/wp\/v2\/users\/1"}],"replies":[{"embeddable":true,"href":"https:\/\/zambranodigital.com\/wp-json\/wp\/v2\/comments?post=4681"}],"version-history":[{"count":2,"href":"https:\/\/zambranodigital.com\/wp-json\/wp\/v2\/pages\/4681\/revisions"}],"predecessor-version":[{"id":4684,"href":"https:\/\/zambranodigital.com\/wp-json\/wp\/v2\/pages\/4681\/revisions\/4684"}],"wp:attachment":[{"href":"https:\/\/zambranodigital.com\/wp-json\/wp\/v2\/media?parent=4681"}],"curies":[{"name":"wp","href":"https:\/\/api.w.org\/{rel}","templated":true}]}}